{"id":7,"date":"2012-11-25T17:51:39","date_gmt":"2012-11-25T16:51:39","guid":{"rendered":"http:\/\/www.rosalumni.net\/?page_id=7"},"modified":"2025-04-27T13:47:21","modified_gmt":"2025-04-27T12:47:21","slug":"forderer","status":"publish","type":"page","link":"https:\/\/www.rosalumni.net\/?page_id=7","title":{"rendered":"F\u00f6rderern &#038; Freund:innen"},"content":{"rendered":"<h1>F\u00f6rder*innen<\/h1>\n<p>An dieser Stelle werden die Namen derjenigen F\u00f6rdermitglieder von ROSAlumni ver\u00f6ffentlicht, die dieser Ver\u00f6ffentlichung zustimmen.<\/p>\n<p>ROSALumni wird u.a. gef\u00f6rdert von<\/p>\n<ul>\n<li>Moritz Blanke, Berlin<\/li>\n<li>Katrin Sch\u00e4fgen, Berlin<\/li>\n<li>Lutz Brangsch, Berlin<\/li>\n<li>Cornelia Hildebrandt, Berlin<\/li>\n<\/ul>\n<h1>Freund*innen<\/h1>\n<p>Der Verein arbeitet regelm\u00e4\u00dfig mit Vereinen aus dem Umfeld der Rosa-Luxemburg-Stiftung und mit Akteur*innen zusammen, die sich f\u00fcr gute Arbeitsbedingungen und Wege der Erm\u00f6glichung kritischer Wissenschaft einsetzen.<\/p>\n<p>Dazu geh\u00f6ren unter anderem:<\/p>\n<ul>\n<li><a href=\"http:\/\/redonate.blogsport.de\/\">re:donate \u2013 B\u00fcchergeld umfairteilen<\/a><\/li>\n<li><a href=\"https:\/\/mittelbau.net\/\">NGAwiss \u2013 Netzwerk f\u00fcr Gute Arbeit in der Wissenschaft\u00a0<\/a><\/li>\n<\/ul>\n","protected":false},"excerpt":{"rendered":"<p>F\u00f6rder*innen An dieser Stelle werden die Namen derjenigen F\u00f6rdermitglieder von ROSAlumni ver\u00f6ffentlicht, die dieser Ver\u00f6ffentlichung zustimmen. ROSALumni wird u.a. gef\u00f6rdert von Moritz Blanke, Berlin Katrin Sch\u00e4fgen, Berlin Lutz Brangsch, Berlin Cornelia Hildebrandt, Berlin Freund*innen Der Verein arbeitet regelm\u00e4\u00dfig mit Vereinen &hellip; <a href=\"https:\/\/www.rosalumni.net\/?page_id=7\">Weiterlesen <span class=\"meta-nav\">&rarr;<\/span><\/a><\/p>\n","protected":false},"author":1,"featured_media":0,"parent":0,"menu_order":500,"comment_status":"closed","ping_status":"closed","template":"","meta":{"footnotes":""},"class_list":["post-7","page","type-page","status-publish","hentry"],"_links":{"self":[{"href":"https:\/\/www.rosalumni.net\/index.php?rest_route=\/wp\/v2\/pages\/7","targetHints":{"allow":["GET"]}}],"collection":[{"href":"https:\/\/www.rosalumni.net\/index.php?rest_route=\/wp\/v2\/pages"}],"about":[{"href":"https:\/\/www.rosalumni.net\/index.php?rest_route=\/wp\/v2\/types\/page"}],"author":[{"embeddable":true,"href":"https:\/\/www.rosalumni.net\/index.php?rest_route=\/wp\/v2\/users\/1"}],"replies":[{"embeddable":true,"href":"https:\/\/www.rosalumni.net\/index.php?rest_route=%2Fwp%2Fv2%2Fcomments&post=7"}],"version-history":[{"count":11,"href":"https:\/\/www.rosalumni.net\/index.php?rest_route=\/wp\/v2\/pages\/7\/revisions"}],"predecessor-version":[{"id":350,"href":"https:\/\/www.rosalumni.net\/index.php?rest_route=\/wp\/v2\/pages\/7\/revisions\/350"}],"wp:attachment":[{"href":"https:\/\/www.rosalumni.net\/index.php?rest_route=%2Fwp%2Fv2%2Fmedia&parent=7"}],"curies":[{"name":"wp","href":"https:\/\/api.w.org\/{rel}","templated":true}]}}