{"id":2,"date":"2012-11-24T15:29:14","date_gmt":"2012-11-24T14:29:14","guid":{"rendered":"http:\/\/www.rosalumni.net\/?page_id=2"},"modified":"2022-04-08T15:59:56","modified_gmt":"2022-04-08T14:59:56","slug":"beispiel-seite","status":"publish","type":"page","link":"https:\/\/www.rosalumni.net\/?page_id=2","title":{"rendered":"\u00dcber uns"},"content":{"rendered":"<p>ROSAlumni e.V. ist der Verein der ehemaligen Stipendiat*innen der Rosa-Luxemburg-Stiftung. Gemeinsame Erfahrungen w\u00e4hrend der F\u00f6rderung, geteilte politische Ziele, das Bed\u00fcrfnis nach Austausch, Vernetzung und gegenseitiger Unterst\u00fctzung sind die Ausgangspunkte unserer Initiative. Der Ehemaligenverein verfolgt als Hauptziele:<\/p>\n<ul>\n<li>F\u00f6rderung des Austauschs und Kontakts zwischen ehemaligen RLS-Stipendiat*innen<\/li>\n<li>Unterst\u00fctzung von Ehemaligen durch Bildungs- und Vernetzungsangebote zur F\u00f6rderung kritischer, linker Wissenschaftler*innen, ihrer Netzwerke und Berufschancen<\/li>\n<li>Unterst\u00fctzung ehemaliger und aktueller Stipendiat*innen in besonderen Notsituationen durch einen Solidarfonds<\/li>\n<li>Vertretung der ehemaligen Stipendiat*innen gegen\u00fcber der Rosa-Luxemburg-Stiftung sowie die Beratung des Studienwerks<\/li>\n<\/ul>\n<p>Linke Akademiker*innen befinden sich insbesondere beim \u00dcbergang in den Beruf in einer schwierigen Situation, in der der Zugang zu Netzwerken f\u00fcr die pers\u00f6nliche und berufliche Entwicklung f\u00f6rderlich ist. Aus diesem Grund wollen wir einen organisatorischen Rahmen f\u00fcr solidarische Vernetzung und fortdauernden Austausch schaffen, um den Spagat zwischen dem Anpassungsdruck des Alltags und den eigenen linken, emanzipatorischen Vorstellungen nicht auf sich allein gestellt meistern zu m\u00fcssen. ROSAlumni bildet daf\u00fcr mit den j\u00e4hrlich stattfindenden Mitgliederversammlungen, thematischen AGs und Veranstaltungen eine Plattform. Der Verein lebt von der Mitwirkung seiner Mitglieder; mitmachen k\u00f6nnen alle ehemaligen RLS-Stipendiat*innen.<\/p>\n<p>Alle anderen, die den Verein und seine Ziele unterst\u00fctzen wollen, k\u00f6nnen F\u00f6rdermitglieder werden. F\u00f6rdermitglieder erhalten regelm\u00e4\u00dfig Informationen \u00fcber den Verein, k\u00f6nnen an Veranstaltungen und beratend an den Mitgliederversammlungen teilnehmen und werden, wenn sie wollen, als Unterst\u00fctzer*innen \u00f6ffentlich genannt.<\/p>\n","protected":false},"excerpt":{"rendered":"<p>ROSAlumni e.V. ist der Verein der ehemaligen Stipendiat*innen der Rosa-Luxemburg-Stiftung. Gemeinsame Erfahrungen w\u00e4hrend der F\u00f6rderung, geteilte politische Ziele, das Bed\u00fcrfnis nach Austausch, Vernetzung und gegenseitiger Unterst\u00fctzung sind die Ausgangspunkte unserer Initiative. Der Ehemaligenverein verfolgt als Hauptziele: F\u00f6rderung des Austauschs und &hellip; <a href=\"https:\/\/www.rosalumni.net\/?page_id=2\">Weiterlesen <span class=\"meta-nav\">&rarr;<\/span><\/a><\/p>\n","protected":false},"author":1,"featured_media":0,"parent":0,"menu_order":200,"comment_status":"closed","ping_status":"closed","template":"","meta":{"footnotes":""},"class_list":["post-2","page","type-page","status-publish","hentry"],"_links":{"self":[{"href":"https:\/\/www.rosalumni.net\/index.php?rest_route=\/wp\/v2\/pages\/2","targetHints":{"allow":["GET"]}}],"collection":[{"href":"https:\/\/www.rosalumni.net\/index.php?rest_route=\/wp\/v2\/pages"}],"about":[{"href":"https:\/\/www.rosalumni.net\/index.php?rest_route=\/wp\/v2\/types\/page"}],"author":[{"embeddable":true,"href":"https:\/\/www.rosalumni.net\/index.php?rest_route=\/wp\/v2\/users\/1"}],"replies":[{"embeddable":true,"href":"https:\/\/www.rosalumni.net\/index.php?rest_route=%2Fwp%2Fv2%2Fcomments&post=2"}],"version-history":[{"count":6,"href":"https:\/\/www.rosalumni.net\/index.php?rest_route=\/wp\/v2\/pages\/2\/revisions"}],"predecessor-version":[{"id":299,"href":"https:\/\/www.rosalumni.net\/index.php?rest_route=\/wp\/v2\/pages\/2\/revisions\/299"}],"wp:attachment":[{"href":"https:\/\/www.rosalumni.net\/index.php?rest_route=%2Fwp%2Fv2%2Fmedia&parent=2"}],"curies":[{"name":"wp","href":"https:\/\/api.w.org\/{rel}","templated":true}]}}